{"id":101,"date":"2012-07-29T09:11:24","date_gmt":"2012-07-29T12:11:24","guid":{"rendered":"http:\/\/grupohw.com.br\/site\/?page_id=101"},"modified":"2012-08-04T09:45:37","modified_gmt":"2012-08-04T12:45:37","slug":"hw-recuperadora","status":"publish","type":"page","link":"http:\/\/grupohw.com.br\/site\/hw-recuperadora\/","title":{"rendered":"Hw Recuperadora"},"content":{"rendered":"<div style=\"position: relative; z-index: 100; float: left; padding-left: 55px; margin-top: -272px; width: 700px;\">\n<p><a href=\"\/latao\"><br \/>\n<img decoding=\"async\" style=\"float: left; padding-right: 17px; margin-top: -2px;\" onmouseover=\"this.src='http:\/\/grupohw.com.br\/site\/wp-content\/uploads\/2012\/08\/latao1.png';\" onmouseout=\"this.src='http:\/\/grupohw.com.br\/site\/wp-content\/uploads\/2012\/08\/latao-12.png';\" src=\"http:\/\/grupohw.com.br\/site\/wp-content\/uploads\/2012\/08\/latao-12.png\" alt=\"\" width=\"25%\" \/><\/a><\/p>\n<p><a href=\"\/hw\"><br \/>\n<img decoding=\"async\" style=\"float: left; padding-right: 17px; margin-top: -39px;\" onmouseover=\"this.src='http:\/\/grupohw.com.br\/site\/wp-content\/uploads\/2012\/08\/hw1.png';\" onmouseout=\"this.src='http:\/\/grupohw.com.br\/site\/wp-content\/uploads\/2012\/08\/hw-12.png';\" src=\"http:\/\/grupohw.com.br\/site\/wp-content\/uploads\/2012\/08\/hw-12.png\" alt=\"\" width=\"25%\" \/><\/a><\/p>\n<p><a href=\"\/globo\"><br \/>\n<img decoding=\"async\" style=\"float: left; margin-top: -76px;\" onmouseover=\"this.src='http:\/\/grupohw.com.br\/site\/wp-content\/uploads\/2012\/08\/globo1.png';\" onmouseout=\"this.src='http:\/\/grupohw.com.br\/site\/wp-content\/uploads\/2012\/08\/globo-12.png';\" src=\"http:\/\/grupohw.com.br\/site\/wp-content\/uploads\/2012\/08\/globo-12.png\" alt=\"\" width=\"25%\" \/><\/a><\/p>\n<\/div>\n<div style=\"padding-top: 173px; padding-left: 30px; margin-top: -175px;\">\n<p>Grupo HW &gt; HW Recuperadora &gt; A Empresa<\/p>\n<div style=\"padding-left: 25px; padding-top: 1px; padding-bottom: 5px; width: 556px; background-color: #9e0207;\">\n<h1><span style=\"color: #cbc9c9;\">A Empresa<\/span><\/h1>\n<\/div>\n<div style=\"color: #000; padding-top: 15px; padding-bottom: 20px; padding-right: 20px; padding-left: 25px; width: 535px; background-color: #cbc9c9; text-align: justify;\">\n<p><img loading=\"lazy\" decoding=\"async\" class=\"aligncenter size-full wp-image-407\" src=\"http:\/\/grupohw.com.br\/site\/wp-content\/uploads\/2012\/08\/recuperadora2.png\" alt=\"\" width=\"528\" height=\"255\" \/><\/p>\n<p>Fundada em 2002, a HW Recuperadora de Ve\u00edculos Diesel LTDA faz parte de um grupo de empresas relacionadas ao com\u00e9rcio de pe\u00e7as e servi\u00e7os para caminh\u00f5es, tendo o prop\u00f3sito de complementar os servi\u00e7os de chapea\u00e7\u00e3o e acess\u00f3rios j\u00e1 prestados pelo grupo. A empresa \u00e9 especializada nas marcas Scania, Volvo, Mercedes e Iveco, atuando no com\u00e9rcio pe\u00e7as, servi\u00e7os de mec\u00e2nica e recupera\u00e7\u00e3o de chassis acidentados. Nossa miss\u00e3o \u00e9 buscar a satisfa\u00e7\u00e3o de nossos clientes atrav\u00e9s dos servi\u00e7os prestados e contribuir para melhorar a qualidade de vida de nossos colaboradores. Temos como vis\u00e3o de mercado conseguir alcan\u00e7ar a excel\u00eancia nos servi\u00e7os prestados, tornando-nos refer\u00eancia em bom atendimento, qualidade dos produtos e servi\u00e7os prestados. A satisfa\u00e7\u00e3o do cliente, honestidade, transpar\u00eancia e valoriza\u00e7\u00e3o do ser humano s\u00e3o os principais valores que buscamos alcan\u00e7ar.<\/p>\n<\/div>\n<\/div>\n","protected":false},"excerpt":{"rendered":"<p>Grupo HW &gt; HW Recuperadora &gt; A Empresa A Empresa Fundada em 2002, a HW Recuperadora de Ve\u00edculos Diesel LTDA faz parte de um grupo de empresas relacionadas ao com\u00e9rcio de pe\u00e7as e servi\u00e7os para caminh\u00f5es, tendo o prop\u00f3sito de complementar os servi\u00e7os de chapea\u00e7\u00e3o e acess\u00f3rios [&hellip;]<\/p>\n","protected":false},"author":1,"featured_media":0,"parent":0,"menu_order":0,"comment_status":"closed","ping_status":"closed","template":"page-PageTemplate5.php","meta":{"footnotes":""},"class_list":["post-101","page","type-page","status-publish","hentry"],"aioseo_notices":[],"_links":{"self":[{"href":"http:\/\/grupohw.com.br\/site\/wp-json\/wp\/v2\/pages\/101","targetHints":{"allow":["GET"]}}],"collection":[{"href":"http:\/\/grupohw.com.br\/site\/wp-json\/wp\/v2\/pages"}],"about":[{"href":"http:\/\/grupohw.com.br\/site\/wp-json\/wp\/v2\/types\/page"}],"author":[{"embeddable":true,"href":"http:\/\/grupohw.com.br\/site\/wp-json\/wp\/v2\/users\/1"}],"replies":[{"embeddable":true,"href":"http:\/\/grupohw.com.br\/site\/wp-json\/wp\/v2\/comments?post=101"}],"version-history":[{"count":4,"href":"http:\/\/grupohw.com.br\/site\/wp-json\/wp\/v2\/pages\/101\/revisions"}],"predecessor-version":[{"id":458,"href":"http:\/\/grupohw.com.br\/site\/wp-json\/wp\/v2\/pages\/101\/revisions\/458"}],"wp:attachment":[{"href":"http:\/\/grupohw.com.br\/site\/wp-json\/wp\/v2\/media?parent=101"}],"curies":[{"name":"wp","href":"https:\/\/api.w.org\/{rel}","templated":true}]}}