{"id":2,"date":"2011-09-10T12:09:16","date_gmt":"2011-09-10T15:09:16","guid":{"rendered":"http:\/\/grupohw.com.br\/site\/?page_id=2"},"modified":"2012-09-13T13:35:05","modified_gmt":"2012-09-13T16:35:05","slug":"globo-a-empresa","status":"publish","type":"page","link":"http:\/\/grupohw.com.br\/site\/globo-a-empresa\/","title":{"rendered":"Globo"},"content":{"rendered":"<div style=\"position: relative; z-index: 100; float: left; padding-left: 55px; margin-top: -272px; width: 700px;\">\n<p><a href=\"\/latao\"><br \/>\n<img decoding=\"async\" style=\"float: left; padding-right: 17px; margin-top: -2px;\" onmouseover=\"this.src='http:\/\/grupohw.com.br\/site\/wp-content\/uploads\/2012\/08\/latao1.png';\" onmouseout=\"this.src='http:\/\/grupohw.com.br\/site\/wp-content\/uploads\/2012\/08\/latao-12.png';\" src=\"http:\/\/grupohw.com.br\/site\/wp-content\/uploads\/2012\/08\/latao-12.png\" alt=\"\" width=\"25%\" \/><\/a><\/p>\n<p><a href=\"\/hw\"><br \/>\n<img decoding=\"async\" style=\"float: left; padding-right: 17px; margin-top: -39px;\" onmouseover=\"this.src='http:\/\/grupohw.com.br\/site\/wp-content\/uploads\/2012\/08\/hw1.png';\" onmouseout=\"this.src='http:\/\/grupohw.com.br\/site\/wp-content\/uploads\/2012\/08\/hw-12.png';\" src=\"http:\/\/grupohw.com.br\/site\/wp-content\/uploads\/2012\/08\/hw-12.png\" alt=\"\" width=\"25%\" \/><\/a><\/p>\n<p><a href=\"\/hw-recuperadora\"><br \/>\n<img decoding=\"async\" style=\"float: left; margin-top: -76px;\" onmouseover=\"this.src='http:\/\/grupohw.com.br\/site\/wp-content\/uploads\/2012\/08\/recuperadora1.png';\" onmouseout=\"this.src='http:\/\/grupohw.com.br\/site\/wp-content\/uploads\/2012\/08\/recuperadora-12.png';\" src=\"http:\/\/grupohw.com.br\/site\/wp-content\/uploads\/2012\/08\/recuperadora-12.png\" alt=\"\" width=\"25%\" \/><\/a><\/p>\n<\/div>\n<div style=\"padding-top: 173px; padding-left: 30px; margin-top: -175px;\">\n<p>Grupo HW &gt; Globo Pe\u00e7as &gt; A Empresa<\/p>\n<div style=\"padding-left: 25px; padding-top: 1px; padding-bottom: 5px; width: 556px; background-color: #9e0207;\">\n<h1><span style=\"color: #cbc9c9;\">A Empresa<\/span><\/h1>\n<\/div>\n<div style=\"color: #000; padding-top: 15px; padding-bottom: 20px; padding-right: 20px; padding-left: 25px; width: 535px; background-color: #cbc9c9; text-align: justify;\">\n<p><img loading=\"lazy\" decoding=\"async\" class=\"aligncenter size-full wp-image-407\" src=\"http:\/\/grupohw.com.br\/site\/wp-content\/uploads\/2012\/08\/globo-g.png\" alt=\"\" width=\"528\" height=\"255\" \/><\/p>\n<p>H\u00e1 13 anos no mercado, a Globo Componentes Automotivos, tem como compromisso fabricar pe\u00e7as para suprir as necessidades na linha de autope\u00e7as para ve\u00edculos pesados. Nosso crescimento sempre foi fundamentado no atendimento ao Cliente e na qualidade de nossos produtos. Esses fatores fizeram com que a Globo consolidasse sua marca em todo mercado automotivo. Nossa miss\u00e3o \u00e9 atender nossos clientes naquilo que necessitam, no momento exato, com pre\u00e7os competitivos e com a pontualidade e qualidade necess\u00e1rias.<\/p>\n<\/div>\n<div style=\"padding-top: 10px;\"><a href=\"http:\/\/www.globopecas.com.br\" target=\"_blank\">Para mais informa\u00e7\u00f5es sobre a Globo visite o site exclusivo.<\/a><\/div>\n<\/div>\n","protected":false},"excerpt":{"rendered":"<p>Grupo HW &gt; Globo Pe\u00e7as &gt; A Empresa A Empresa H\u00e1 13 anos no mercado, a Globo Componentes Automotivos, tem como compromisso fabricar pe\u00e7as para suprir as necessidades na linha de autope\u00e7as para ve\u00edculos pesados. Nosso crescimento sempre foi fundamentado no atendimento ao Cliente e na qualidade [&hellip;]<\/p>\n","protected":false},"author":1,"featured_media":0,"parent":0,"menu_order":0,"comment_status":"closed","ping_status":"closed","template":"page-PageTemplate2.php","meta":{"footnotes":""},"class_list":["post-2","page","type-page","status-publish","hentry"],"aioseo_notices":[],"_links":{"self":[{"href":"http:\/\/grupohw.com.br\/site\/wp-json\/wp\/v2\/pages\/2","targetHints":{"allow":["GET"]}}],"collection":[{"href":"http:\/\/grupohw.com.br\/site\/wp-json\/wp\/v2\/pages"}],"about":[{"href":"http:\/\/grupohw.com.br\/site\/wp-json\/wp\/v2\/types\/page"}],"author":[{"embeddable":true,"href":"http:\/\/grupohw.com.br\/site\/wp-json\/wp\/v2\/users\/1"}],"replies":[{"embeddable":true,"href":"http:\/\/grupohw.com.br\/site\/wp-json\/wp\/v2\/comments?post=2"}],"version-history":[{"count":161,"href":"http:\/\/grupohw.com.br\/site\/wp-json\/wp\/v2\/pages\/2\/revisions"}],"predecessor-version":[{"id":628,"href":"http:\/\/grupohw.com.br\/site\/wp-json\/wp\/v2\/pages\/2\/revisions\/628"}],"wp:attachment":[{"href":"http:\/\/grupohw.com.br\/site\/wp-json\/wp\/v2\/media?parent=2"}],"curies":[{"name":"wp","href":"https:\/\/api.w.org\/{rel}","templated":true}]}}