{"id":242,"date":"2012-07-31T08:45:46","date_gmt":"2012-07-31T11:45:46","guid":{"rendered":"http:\/\/grupohw.com.br\/site\/?page_id=242"},"modified":"2012-08-09T21:51:39","modified_gmt":"2012-08-10T00:51:39","slug":"globo-localizacao","status":"publish","type":"page","link":"http:\/\/grupohw.com.br\/site\/globo-a-empresa\/globo-localizacao\/","title":{"rendered":"Globo Localiza\u00e7\u00e3o"},"content":{"rendered":"<div style=\"position: relative; z-index: 100; float:left; padding-left: 55px; margin-top: -272px; width:700px;\">\n<p>                      <a  href=\"\/latao\"><br \/>\n                           <img decoding=\"async\" width=\"25%\" style=\"float:left; padding-right:17px; margin-top:-2px \" src=\"http:\/\/grupohw.com.br\/site\/wp-content\/uploads\/2012\/08\/latao1.png\" onmouseout=\"this.src='http:\/\/grupohw.com.br\/site\/wp-content\/uploads\/2012\/08\/latao1.png';\" onmouseover=\"this.src='http:\/\/grupohw.com.br\/site\/wp-content\/uploads\/2012\/08\/latao-12.png';\" \/><\/a><\/p>\n<p>                      <a  href=\"\/hw\"><br \/>\n                         <img decoding=\"async\" width=\"25%\" style=\"float:left; padding-right:17px; margin-top:-39px \" src=\"http:\/\/grupohw.com.br\/site\/wp-content\/uploads\/2012\/08\/hw1.png\" onmouseout=\"this.src='http:\/\/grupohw.com.br\/site\/wp-content\/uploads\/2012\/08\/hw1.png';\" onmouseover=\"this.src='http:\/\/grupohw.com.br\/site\/wp-content\/uploads\/2012\/08\/hw-12.png';\" \/><\/a><\/p>\n<p>                      <a href=\"\/hw-recuperadora\"><br \/>\n                         <img decoding=\"async\" width=\"25%\" style=\"float:left; margin-top:-76px\" src=\"http:\/\/grupohw.com.br\/site\/wp-content\/uploads\/2012\/08\/recuperadora1.png\" onmouseout=\"this.src='http:\/\/grupohw.com.br\/site\/wp-content\/uploads\/2012\/08\/recuperadora1.png';\" onmouseover=\"this.src='http:\/\/grupohw.com.br\/site\/wp-content\/uploads\/2012\/08\/recuperadora-12.png';\" \/><\/a><\/p>\n<\/div>\n<div style=\"padding-top: 173px; padding-left: 30px; margin-top: -175px; \">\n<p>Grupo HW &gt; Globo Pe\u00e7as &gt; Localiza\u00e7\u00e3o<\/p>\n<div style=\"padding-left: 25px; padding-top: 1px; padding-bottom: 5px; width: 556px; background-color: #9e0207; \">\n<h1><span style=\"color: #cbc9c9; \">Localiza\u00e7\u00e3o<\/span><\/h1>\n<\/div>\n<div style=\"color:#000; padding-top: 15px; padding-bottom: 20px; padding-right:20px; padding-left: 25px; width: 535px; background-color: #cbc9c9; text-align: justify; \">\n<p><iframe loading=\"lazy\" width=\"534\" height=\"400\" frameborder=\"0\" scrolling=\"no\" marginheight=\"0\" marginwidth=\"0\" src=\"https:\/\/www.google.com.br\/maps?q=-28.978073,-51.067511&amp;num=1&amp;t=m&amp;ie=UTF8&amp;ll=-28.97736,-51.067457&amp;spn=0.015017,0.022874&amp;z=15&amp;output=embed\"><\/iframe><br \/><small><a href=\"https:\/\/www.google.com.br\/maps?q=-28.978073,-51.067511&amp;num=1&amp;t=m&amp;ie=UTF8&amp;ll=-28.97736,-51.067457&amp;spn=0.015017,0.022874&amp;z=15&amp;source=embed\" style=\"color:#0000FF;text-align:left\">Exibir mapa ampliado<\/a><\/small><\/p><\/div>\n<\/div>\n","protected":false},"excerpt":{"rendered":"<p>Grupo HW &gt; Globo Pe\u00e7as &gt; Localiza\u00e7\u00e3o Localiza\u00e7\u00e3o Exibir mapa ampliado<\/p>\n","protected":false},"author":1,"featured_media":0,"parent":2,"menu_order":0,"comment_status":"closed","ping_status":"closed","template":"page-PageTemplate2.php","meta":{"footnotes":""},"class_list":["post-242","page","type-page","status-publish","hentry"],"aioseo_notices":[],"_links":{"self":[{"href":"http:\/\/grupohw.com.br\/site\/wp-json\/wp\/v2\/pages\/242","targetHints":{"allow":["GET"]}}],"collection":[{"href":"http:\/\/grupohw.com.br\/site\/wp-json\/wp\/v2\/pages"}],"about":[{"href":"http:\/\/grupohw.com.br\/site\/wp-json\/wp\/v2\/types\/page"}],"author":[{"embeddable":true,"href":"http:\/\/grupohw.com.br\/site\/wp-json\/wp\/v2\/users\/1"}],"replies":[{"embeddable":true,"href":"http:\/\/grupohw.com.br\/site\/wp-json\/wp\/v2\/comments?post=242"}],"version-history":[{"count":16,"href":"http:\/\/grupohw.com.br\/site\/wp-json\/wp\/v2\/pages\/242\/revisions"}],"predecessor-version":[{"id":545,"href":"http:\/\/grupohw.com.br\/site\/wp-json\/wp\/v2\/pages\/242\/revisions\/545"}],"up":[{"embeddable":true,"href":"http:\/\/grupohw.com.br\/site\/wp-json\/wp\/v2\/pages\/2"}],"wp:attachment":[{"href":"http:\/\/grupohw.com.br\/site\/wp-json\/wp\/v2\/media?parent=242"}],"curies":[{"name":"wp","href":"https:\/\/api.w.org\/{rel}","templated":true}]}}