{"id":433,"date":"2012-08-04T09:09:41","date_gmt":"2012-08-04T12:09:41","guid":{"rendered":"http:\/\/grupohw.com.br\/site\/?page_id=433"},"modified":"2012-08-09T22:36:03","modified_gmt":"2012-08-10T01:36:03","slug":"latao-localizacao","status":"publish","type":"page","link":"http:\/\/grupohw.com.br\/site\/latao\/latao-localizacao\/","title":{"rendered":"Lat\u00e3o Localiza\u00e7\u00e3o"},"content":{"rendered":"<div style=\"position: relative; z-index: 100; float: left; padding-left: 55px; margin-top: -272px; width: 700px;\">\n<p><a href=\"\/globo\"><br \/>\n<img decoding=\"async\" style=\"float: left; padding-right: 17px; margin-top: -2px;\" onmouseover=\"this.src='http:\/\/grupohw.com.br\/site\/wp-content\/uploads\/2012\/08\/globo1.png';\" onmouseout=\"this.src='http:\/\/grupohw.com.br\/site\/wp-content\/uploads\/2012\/08\/globo-12.png';\" src=\"http:\/\/grupohw.com.br\/site\/wp-content\/uploads\/2012\/08\/globo-12.png\" alt=\"\" width=\"25%\" \/><\/a><\/p>\n<p><a href=\"\/hw\"><br \/>\n<img decoding=\"async\" style=\"float: left; padding-right: 17px; margin-top: -39px;\" onmouseover=\"this.src='http:\/\/grupohw.com.br\/site\/wp-content\/uploads\/2012\/08\/hw1.png';\" onmouseout=\"this.src='http:\/\/grupohw.com.br\/site\/wp-content\/uploads\/2012\/08\/hw-12.png';\" src=\"http:\/\/grupohw.com.br\/site\/wp-content\/uploads\/2012\/08\/hw-12.png\" alt=\"\" width=\"25%\" \/><\/a><\/p>\n<p><a href=\"\/hw-recuperadora\"><br \/>\n<img decoding=\"async\" style=\"float: left; margin-top: -76px;\" onmouseover=\"this.src='http:\/\/grupohw.com.br\/site\/wp-content\/uploads\/2012\/08\/recuperadora1.png';\" onmouseout=\"this.src='http:\/\/grupohw.com.br\/site\/wp-content\/uploads\/2012\/08\/recuperadora-12.png';\" src=\"http:\/\/grupohw.com.br\/site\/wp-content\/uploads\/2012\/08\/recuperadora-12.png\" alt=\"\" width=\"25%\" \/><\/a><\/p>\n<\/div>\n<div style=\"padding-top: 173px; padding-left: 30px; margin-top: -175px;\">\n<p>Grupo HW &gt; Lat\u00e3o &gt; Localiza\u00e7\u00e3o<\/p>\n<div style=\"padding-left: 25px; padding-top: 1px; padding-bottom: 5px; width: 556px; background-color: #9e0207;\">\n<h1><span style=\"color: #cbc9c9;\">Localiza\u00e7\u00e3o<\/span><\/h1>\n<\/div>\n<div style=\"color: #000; padding-top: 15px; padding-bottom: 20px; padding-right: 20px; padding-left: 25px; width: 535px; background-color: #cbc9c9; text-align: justify;\">\n<p><iframe loading=\"lazy\" width=\"534\" height=\"400\" frameborder=\"0\" scrolling=\"no\" marginheight=\"0\" marginwidth=\"0\" src=\"https:\/\/www.google.com.br\/maps?q=-28.977956,-51.065795&amp;num=1&amp;ie=UTF8&amp;t=m&amp;ll=-28.97537,-51.067414&amp;spn=0.015017,0.022874&amp;z=15&amp;output=embed\"><\/iframe><br \/><small><a href=\"https:\/\/www.google.com.br\/maps?q=-28.977956,-51.065795&amp;num=1&amp;ie=UTF8&amp;t=m&amp;ll=-28.97537,-51.067414&amp;spn=0.015017,0.022874&amp;z=15&amp;source=embed\" style=\"color:#0000FF;text-align:left\">Exibir mapa ampliado<\/a><\/small><\/p>\n<\/div>\n<\/div>\n","protected":false},"excerpt":{"rendered":"<p>Grupo HW &gt; Lat\u00e3o &gt; Localiza\u00e7\u00e3o Localiza\u00e7\u00e3o Exibir mapa ampliado<\/p>\n","protected":false},"author":1,"featured_media":0,"parent":97,"menu_order":0,"comment_status":"closed","ping_status":"closed","template":"page-PageTemplate3.php","meta":{"footnotes":""},"class_list":["post-433","page","type-page","status-publish","hentry"],"aioseo_notices":[],"_links":{"self":[{"href":"http:\/\/grupohw.com.br\/site\/wp-json\/wp\/v2\/pages\/433","targetHints":{"allow":["GET"]}}],"collection":[{"href":"http:\/\/grupohw.com.br\/site\/wp-json\/wp\/v2\/pages"}],"about":[{"href":"http:\/\/grupohw.com.br\/site\/wp-json\/wp\/v2\/types\/page"}],"author":[{"embeddable":true,"href":"http:\/\/grupohw.com.br\/site\/wp-json\/wp\/v2\/users\/1"}],"replies":[{"embeddable":true,"href":"http:\/\/grupohw.com.br\/site\/wp-json\/wp\/v2\/comments?post=433"}],"version-history":[{"count":3,"href":"http:\/\/grupohw.com.br\/site\/wp-json\/wp\/v2\/pages\/433\/revisions"}],"predecessor-version":[{"id":557,"href":"http:\/\/grupohw.com.br\/site\/wp-json\/wp\/v2\/pages\/433\/revisions\/557"}],"up":[{"embeddable":true,"href":"http:\/\/grupohw.com.br\/site\/wp-json\/wp\/v2\/pages\/97"}],"wp:attachment":[{"href":"http:\/\/grupohw.com.br\/site\/wp-json\/wp\/v2\/media?parent=433"}],"curies":[{"name":"wp","href":"https:\/\/api.w.org\/{rel}","templated":true}]}}