{"id":461,"date":"2012-08-04T09:51:17","date_gmt":"2012-08-04T12:51:17","guid":{"rendered":"http:\/\/grupohw.com.br\/site\/?page_id=461"},"modified":"2012-08-09T22:32:38","modified_gmt":"2012-08-10T01:32:38","slug":"hw-recuperadora-localizacao","status":"publish","type":"page","link":"http:\/\/grupohw.com.br\/site\/hw-recuperadora\/hw-recuperadora-localizacao\/","title":{"rendered":"Hw-recuperadora-Localiza\u00e7\u00e3o"},"content":{"rendered":"<div style=\"position: relative; z-index: 100; float: left; padding-left: 55px; margin-top: -272px; width: 700px;\">\n<p><a href=\"\/latao\"><br \/>\n<img decoding=\"async\" style=\"float: left; padding-right: 17px; margin-top: -2px;\" onmouseover=\"this.src='http:\/\/grupohw.com.br\/site\/wp-content\/uploads\/2012\/08\/latao1.png';\" onmouseout=\"this.src='http:\/\/grupohw.com.br\/site\/wp-content\/uploads\/2012\/08\/latao-12.png';\" src=\"http:\/\/grupohw.com.br\/site\/wp-content\/uploads\/2012\/08\/latao-12.png\" alt=\"\" width=\"25%\" \/><\/a><\/p>\n<p><a href=\"\/hw\"><br \/>\n<img decoding=\"async\" style=\"float: left; padding-right: 17px; margin-top: -39px;\" onmouseover=\"this.src='http:\/\/grupohw.com.br\/site\/wp-content\/uploads\/2012\/08\/hw1.png';\" onmouseout=\"this.src='http:\/\/grupohw.com.br\/site\/wp-content\/uploads\/2012\/08\/hw-12.png';\" src=\"http:\/\/grupohw.com.br\/site\/wp-content\/uploads\/2012\/08\/hw-12.png\" alt=\"\" width=\"25%\" \/><\/a><\/p>\n<p><a href=\"\/globo\"><br \/>\n<img decoding=\"async\" style=\"float: left; margin-top: -76px;\" onmouseover=\"this.src='http:\/\/grupohw.com.br\/site\/wp-content\/uploads\/2012\/08\/globo1.png';\" onmouseout=\"this.src='http:\/\/grupohw.com.br\/site\/wp-content\/uploads\/2012\/08\/globo-12.png';\" src=\"http:\/\/grupohw.com.br\/site\/wp-content\/uploads\/2012\/08\/globo-12.png\" alt=\"\" width=\"25%\" \/><\/a><\/p>\n<\/div>\n<div style=\"padding-top: 173px; padding-left: 30px; margin-top: -175px;\">\n<p>Grupo HW &gt; HW Recuperadora &gt; Localiza\u00e7\u00e3o<\/p>\n<div style=\"padding-left: 25px; padding-top: 1px; padding-bottom: 5px; width: 556px; background-color: #9e0207;\">\n<h1><span style=\"color: #cbc9c9;\">Localiza\u00e7\u00e3o<\/span><\/h1>\n<\/div>\n<div style=\"color: #000; padding-top: 15px; padding-bottom: 20px; padding-right: 20px; padding-left: 25px; width: 535px; background-color: #cbc9c9; text-align: justify;\">\n<p><iframe loading=\"lazy\" width=\"534\" height=\"400\" frameborder=\"0\" scrolling=\"no\" marginheight=\"0\" marginwidth=\"0\" src=\"https:\/\/www.google.com.br\/maps?q=-28.970142,-51.075097&amp;num=1&amp;t=m&amp;ie=UTF8&amp;ll=-28.97124,-51.074495&amp;spn=0.007509,0.011437&amp;z=16&amp;output=embed\"><\/iframe><br \/><small><a href=\"https:\/\/www.google.com.br\/maps?q=-28.970142,-51.075097&amp;num=1&amp;t=m&amp;ie=UTF8&amp;ll=-28.97124,-51.074495&amp;spn=0.007509,0.011437&amp;z=16&amp;source=embed\" style=\"color:#0000FF;text-align:left\">Exibir mapa ampliado<\/a><\/small><\/p>\n<\/div>\n<div style=\"padding-top:10px;\">HW Com\u00e9rcio de Pe\u00e7as e Acess\u00f3rios | BR 116 Km 115, n\u00ba 915 | Bairro Centro | S\u00e3o Marcos-RS<\/div>\n<\/div>\n","protected":false},"excerpt":{"rendered":"<p>Grupo HW &gt; HW Recuperadora &gt; Localiza\u00e7\u00e3o Localiza\u00e7\u00e3o Exibir mapa ampliado HW Com\u00e9rcio de Pe\u00e7as e Acess\u00f3rios | BR 116 Km 115, n\u00ba 915 | Bairro Centro | S\u00e3o Marcos-RS<\/p>\n","protected":false},"author":1,"featured_media":0,"parent":101,"menu_order":0,"comment_status":"closed","ping_status":"closed","template":"page-PageTemplate5.php","meta":{"footnotes":""},"class_list":["post-461","page","type-page","status-publish","hentry"],"aioseo_notices":[],"_links":{"self":[{"href":"http:\/\/grupohw.com.br\/site\/wp-json\/wp\/v2\/pages\/461","targetHints":{"allow":["GET"]}}],"collection":[{"href":"http:\/\/grupohw.com.br\/site\/wp-json\/wp\/v2\/pages"}],"about":[{"href":"http:\/\/grupohw.com.br\/site\/wp-json\/wp\/v2\/types\/page"}],"author":[{"embeddable":true,"href":"http:\/\/grupohw.com.br\/site\/wp-json\/wp\/v2\/users\/1"}],"replies":[{"embeddable":true,"href":"http:\/\/grupohw.com.br\/site\/wp-json\/wp\/v2\/comments?post=461"}],"version-history":[{"count":13,"href":"http:\/\/grupohw.com.br\/site\/wp-json\/wp\/v2\/pages\/461\/revisions"}],"predecessor-version":[{"id":556,"href":"http:\/\/grupohw.com.br\/site\/wp-json\/wp\/v2\/pages\/461\/revisions\/556"}],"up":[{"embeddable":true,"href":"http:\/\/grupohw.com.br\/site\/wp-json\/wp\/v2\/pages\/101"}],"wp:attachment":[{"href":"http:\/\/grupohw.com.br\/site\/wp-json\/wp\/v2\/media?parent=461"}],"curies":[{"name":"wp","href":"https:\/\/api.w.org\/{rel}","templated":true}]}}