{"id":649,"date":"2014-10-05T11:39:51","date_gmt":"2014-10-05T14:39:51","guid":{"rendered":"http:\/\/grupohw.com.br\/site\/?page_id=649"},"modified":"2014-10-05T11:45:29","modified_gmt":"2014-10-05T14:45:29","slug":"hw-produtos","status":"publish","type":"page","link":"http:\/\/grupohw.com.br\/site\/hw\/hw-produtos\/","title":{"rendered":"HW Produtos"},"content":{"rendered":"<div style=\"position: relative; z-index: 100; float: left; padding-left: 55px; margin-top: -272px; width: 700px;\">\n<p><a href=\"\/latao\"><br \/>\n<img decoding=\"async\" style=\"float: left; padding-right: 17px; margin-top: -2px;\" onmouseover=\"this.src='http:\/\/grupohw.com.br\/site\/wp-content\/uploads\/2012\/08\/latao1.png';\" onmouseout=\"this.src='http:\/\/grupohw.com.br\/site\/wp-content\/uploads\/2012\/08\/latao-12.png';\" src=\"http:\/\/grupohw.com.br\/site\/wp-content\/uploads\/2012\/08\/latao-12.png\" alt=\"\" width=\"25%\" \/><\/a><\/p>\n<p><a href=\"\/globo\"><br \/>\n<img decoding=\"async\" style=\"float: left; padding-right: 17px; margin-top: -39px;\" onmouseover=\"this.src='http:\/\/grupohw.com.br\/site\/wp-content\/uploads\/2012\/08\/globo1.png';\" onmouseout=\"this.src='http:\/\/grupohw.com.br\/site\/wp-content\/uploads\/2012\/08\/globo-12.png';\" src=\"http:\/\/grupohw.com.br\/site\/wp-content\/uploads\/2012\/08\/globo-12.png\" alt=\"\" width=\"25%\" \/><\/a><\/p>\n<p><a href=\"\/hw-recuperadora\"><br \/>\n<img decoding=\"async\" style=\"float: left; margin-top: -76px;\" onmouseover=\"this.src='http:\/\/grupohw.com.br\/site\/wp-content\/uploads\/2012\/08\/recuperadora1.png';\" onmouseout=\"this.src='http:\/\/grupohw.com.br\/site\/wp-content\/uploads\/2012\/08\/recuperadora-12.png';\" src=\"http:\/\/grupohw.com.br\/site\/wp-content\/uploads\/2012\/08\/recuperadora-12.png\" alt=\"\" width=\"25%\" \/><\/a><\/p>\n<\/div>\n<div style=\"padding-top: 173px; padding-left: 30px; margin-top: -175px;\">\n<p>Grupo HW &gt; HW Com\u00e9rcio &gt; Produtos<\/p>\n<div style=\"padding-left: 25px; padding-top: 1px; padding-bottom: 5px; width: 556px; background-color: #9e0207;\">\n<h1><span style=\"color: #cbc9c9;\">Produtos<\/span><\/h1>\n<\/div>\n<div style=\"color: #000; padding-top: 15px; padding-bottom: 20px; padding-right: 20px; padding-left: 25px; width: 535px; background-color: #cbc9c9; text-align: justify;\">\n<p>A HW Com\u00e9rcio de Pe\u00e7as e Acess\u00f3rios Ltda, possui um grande diferencial, tendo em seu estoque um numero expressivo de pe\u00e7as, acess\u00f3rios e cabines de todos os modelos de caminh\u00f5es, como: Scania, Volvo, Mercedes Bens, Volkswagen, MAN, Iveco, Ford.<\/p>\n<p>A empresa tem a oferecer ao cliente pe\u00e7as, acess\u00f3rios de v\u00e1rias marcas, pre\u00e7os e qualidade, desde originais, paralelas<strong>, <\/strong>usadas e importadas, al\u00e9m de possuir profissionais capacitados para a instala\u00e7\u00e3o das mesmas nos caminh\u00f5es, procurando sempre proporcionar satisfa\u00e7\u00e3o, comodidade para o cliente.\u00a0 Trabalhamos tamb\u00e9m com a troca de vidros e parabrisas pelas seguradoras.<\/p>\n<p>Segue abaixo alguns dos in\u00fameros produtos que a empresa faz a comercializa\u00e7\u00e3o e instala\u00e7\u00e3o:<\/p>\n<ul>\n<li>Pel\u00edcula<\/li>\n<li>R\u00e1dio PX<\/li>\n<li>Som<\/li>\n<li>Calhas de chuva<\/li>\n<li>Alarmes<\/li>\n<li>Vidros e Para-brisas<\/li>\n<li>Far\u00f3is, faroletes, sinaleiras e espelhos<\/li>\n<li>Linha de tapa sol<\/li>\n<li>Linha completa de lataria<\/li>\n<li>Acabamentos pl\u00e1sticos<\/li>\n<li>Climatizadores<\/li>\n<li>Rodoar<\/li>\n<li>Defletor de Ar<\/li>\n<li>Para-lamas<\/li>\n<li>Borrachas<\/li>\n<li>Fechaduras, ma\u00e7anetas<\/li>\n<li>L\u00e2mpadas<\/li>\n<li>Linha de suspens\u00e3o pneum\u00e1tica<\/li>\n<li>Toda linha de forra\u00e7\u00f5es interna para cabines multimarcas<\/li>\n<li>Tanques<\/li>\n<li>Geladeiras<\/li>\n<li>Faixas<\/li>\n<li>Emblemas<\/li>\n<li>Barrica<\/li>\n<li>Para-choques<\/li>\n<li>Aerof\u00f3lio para cabines em geral<\/li>\n<\/ul>\n<\/div>\n<\/div>\n","protected":false},"excerpt":{"rendered":"<p>Grupo HW &gt; HW Com\u00e9rcio &gt; Produtos Produtos A HW Com\u00e9rcio de Pe\u00e7as e Acess\u00f3rios Ltda, possui um grande diferencial, tendo em seu estoque um numero expressivo de pe\u00e7as, acess\u00f3rios e cabines de todos os modelos de caminh\u00f5es, como: Scania, Volvo, Mercedes Bens, Volkswagen, MAN, Iveco, Ford. [&hellip;]<\/p>\n","protected":false},"author":1,"featured_media":0,"parent":99,"menu_order":0,"comment_status":"closed","ping_status":"closed","template":"page-PageTemplate4.php","meta":{"footnotes":""},"class_list":["post-649","page","type-page","status-publish","hentry"],"aioseo_notices":[],"_links":{"self":[{"href":"http:\/\/grupohw.com.br\/site\/wp-json\/wp\/v2\/pages\/649","targetHints":{"allow":["GET"]}}],"collection":[{"href":"http:\/\/grupohw.com.br\/site\/wp-json\/wp\/v2\/pages"}],"about":[{"href":"http:\/\/grupohw.com.br\/site\/wp-json\/wp\/v2\/types\/page"}],"author":[{"embeddable":true,"href":"http:\/\/grupohw.com.br\/site\/wp-json\/wp\/v2\/users\/1"}],"replies":[{"embeddable":true,"href":"http:\/\/grupohw.com.br\/site\/wp-json\/wp\/v2\/comments?post=649"}],"version-history":[{"count":4,"href":"http:\/\/grupohw.com.br\/site\/wp-json\/wp\/v2\/pages\/649\/revisions"}],"predecessor-version":[{"id":658,"href":"http:\/\/grupohw.com.br\/site\/wp-json\/wp\/v2\/pages\/649\/revisions\/658"}],"up":[{"embeddable":true,"href":"http:\/\/grupohw.com.br\/site\/wp-json\/wp\/v2\/pages\/99"}],"wp:attachment":[{"href":"http:\/\/grupohw.com.br\/site\/wp-json\/wp\/v2\/media?parent=649"}],"curies":[{"name":"wp","href":"https:\/\/api.w.org\/{rel}","templated":true}]}}