{"id":651,"date":"2014-10-05T11:40:09","date_gmt":"2014-10-05T14:40:09","guid":{"rendered":"http:\/\/grupohw.com.br\/site\/?page_id=651"},"modified":"2014-10-05T12:07:05","modified_gmt":"2014-10-05T15:07:05","slug":"hw-servicos","status":"publish","type":"page","link":"http:\/\/grupohw.com.br\/site\/hw\/hw-servicos\/","title":{"rendered":"HW Servi\u00e7os"},"content":{"rendered":"<div style=\"position: relative; z-index: 100; float: left; padding-left: 55px; margin-top: -272px; width: 700px;\">\n<p><a href=\"\/latao\"><br \/>\n<img decoding=\"async\" style=\"float: left; padding-right: 17px; margin-top: -2px;\" onmouseover=\"this.src='http:\/\/grupohw.com.br\/site\/wp-content\/uploads\/2012\/08\/latao1.png';\" onmouseout=\"this.src='http:\/\/grupohw.com.br\/site\/wp-content\/uploads\/2012\/08\/latao-12.png';\" src=\"http:\/\/grupohw.com.br\/site\/wp-content\/uploads\/2012\/08\/latao-12.png\" alt=\"\" width=\"25%\" \/><\/a><\/p>\n<p><a href=\"\/globo\"><br \/>\n<img decoding=\"async\" style=\"float: left; padding-right: 17px; margin-top: -39px;\" onmouseover=\"this.src='http:\/\/grupohw.com.br\/site\/wp-content\/uploads\/2012\/08\/globo1.png';\" onmouseout=\"this.src='http:\/\/grupohw.com.br\/site\/wp-content\/uploads\/2012\/08\/globo-12.png';\" src=\"http:\/\/grupohw.com.br\/site\/wp-content\/uploads\/2012\/08\/globo-12.png\" alt=\"\" width=\"25%\" \/><\/a><\/p>\n<p><a href=\"\/hw-recuperadora\"><br \/>\n<img decoding=\"async\" style=\"float: left; margin-top: -76px;\" onmouseover=\"this.src='http:\/\/grupohw.com.br\/site\/wp-content\/uploads\/2012\/08\/recuperadora1.png';\" onmouseout=\"this.src='http:\/\/grupohw.com.br\/site\/wp-content\/uploads\/2012\/08\/recuperadora-12.png';\" src=\"http:\/\/grupohw.com.br\/site\/wp-content\/uploads\/2012\/08\/recuperadora-12.png\" alt=\"\" width=\"25%\" \/><\/a><\/p>\n<\/div>\n<div style=\"padding-top: 173px; padding-left: 30px; margin-top: -175px;\">\n<p>Grupo HW &gt; HW Com\u00e9rcio &gt; Servi\u00e7os<\/p>\n<div style=\"padding-left: 25px; padding-top: 1px; padding-bottom: 5px; width: 556px; background-color: #9e0207;\">\n<h1><span style=\"color: #cbc9c9;\">Servi\u00e7os<\/span><\/h1>\n<\/div>\n<div style=\"color: #000; padding-top: 15px; padding-bottom: 20px; padding-right: 20px; padding-left: 25px; width: 535px; background-color: #cbc9c9; text-align: justify;\">\n<p>Para melhor atender as necessidades dos nossos clientes com rapidez e qualidade, a empresa HW disponibiliza o servi\u00e7o especializado, com profissionais capacitados para a reforma de caminh\u00f5es multimarcas, a qual a mesma tamb\u00e9m tem a oferecer as cabines recondicionadas de todos os modelos de caminh\u00f5es. Neste servi\u00e7o o cliente entrega seu caminh\u00e3o para reforma e a HW juntamente com seus parceiros entrega o veiculo pronto em perfeitas condi\u00e7\u00f5es, desde a chapea\u00e7\u00e3o, chassis e mec\u00e2nica. Atendemos por seguradoras, cooperativas e particular.<\/p>\n<p>Visando proporcionar seguran\u00e7a e bem-estar ao nosso cliente, possu\u00edmos o sistema Anti furto HW que consiste em marca\u00e7\u00f5es com micro pontos aplicados diretamente no ve\u00edculo com o n\u00famero da placa. As vantagens em ter essas marca\u00e7\u00f5es em seu veiculo:<\/p>\n<ul>\n<li>Dificulta o furto e roubo do veiculo<\/li>\n<li>As etiquetas s\u00e3o fixas, sem remo\u00e7\u00e3o e n\u00e3o agride a estrutura do ve\u00edculo<\/li>\n<li>O sistema \u00e9 inovador<\/li>\n<li>A aplica\u00e7\u00e3o \u00e9 feita em diversas partes do veiculo<\/li>\n<li>Aplica\u00e7\u00e3o \u00e9 r\u00e1pida<\/li>\n<li>Praticidade com possibilidade de aplica\u00e7\u00e3o na empresa<\/li>\n<\/ul>\n<p>Veja abaixo o v\u00eddeo para que voc\u00ea conhe\u00e7a melhor como se desenvolve esse servi\u00e7o em seu caminh\u00e3o.<\/p>\n<div>\n<p><iframe loading=\"lazy\" width=\"520\" height=\"410\" src=\"\/\/www.youtube.com\/embed\/rbUeXVjeW8w\" frameborder=\"0\" allowfullscreen><\/iframe><\/p>\n<\/div>\n<\/div>\n<\/div>\n","protected":false},"excerpt":{"rendered":"<p>Grupo HW &gt; HW Com\u00e9rcio &gt; Servi\u00e7os Servi\u00e7os Para melhor atender as necessidades dos nossos clientes com rapidez e qualidade, a empresa HW disponibiliza o servi\u00e7o especializado, com profissionais capacitados para a reforma de caminh\u00f5es multimarcas, a qual a mesma tamb\u00e9m tem a oferecer as cabines recondicionadas [&hellip;]<\/p>\n","protected":false},"author":1,"featured_media":0,"parent":99,"menu_order":0,"comment_status":"closed","ping_status":"closed","template":"page-PageTemplate4.php","meta":{"footnotes":""},"class_list":["post-651","page","type-page","status-publish","hentry"],"aioseo_notices":[],"_links":{"self":[{"href":"http:\/\/grupohw.com.br\/site\/wp-json\/wp\/v2\/pages\/651","targetHints":{"allow":["GET"]}}],"collection":[{"href":"http:\/\/grupohw.com.br\/site\/wp-json\/wp\/v2\/pages"}],"about":[{"href":"http:\/\/grupohw.com.br\/site\/wp-json\/wp\/v2\/types\/page"}],"author":[{"embeddable":true,"href":"http:\/\/grupohw.com.br\/site\/wp-json\/wp\/v2\/users\/1"}],"replies":[{"embeddable":true,"href":"http:\/\/grupohw.com.br\/site\/wp-json\/wp\/v2\/comments?post=651"}],"version-history":[{"count":13,"href":"http:\/\/grupohw.com.br\/site\/wp-json\/wp\/v2\/pages\/651\/revisions"}],"predecessor-version":[{"id":673,"href":"http:\/\/grupohw.com.br\/site\/wp-json\/wp\/v2\/pages\/651\/revisions\/673"}],"up":[{"embeddable":true,"href":"http:\/\/grupohw.com.br\/site\/wp-json\/wp\/v2\/pages\/99"}],"wp:attachment":[{"href":"http:\/\/grupohw.com.br\/site\/wp-json\/wp\/v2\/media?parent=651"}],"curies":[{"name":"wp","href":"https:\/\/api.w.org\/{rel}","templated":true}]}}