{"id":99,"date":"2012-07-29T09:11:06","date_gmt":"2012-07-29T12:11:06","guid":{"rendered":"http:\/\/grupohw.com.br\/site\/?page_id=99"},"modified":"2014-10-05T10:55:28","modified_gmt":"2014-10-05T13:55:28","slug":"hw","status":"publish","type":"page","link":"http:\/\/grupohw.com.br\/site\/hw\/","title":{"rendered":"HW"},"content":{"rendered":"<div style=\"position: relative; z-index: 100; float: left; padding-left: 55px; margin-top: -272px; width: 700px;\">\n<p><a href=\"\/latao\"><br \/>\n<img decoding=\"async\" style=\"float: left; padding-right: 17px; margin-top: -2px;\" onmouseover=\"this.src='http:\/\/grupohw.com.br\/site\/wp-content\/uploads\/2012\/08\/latao1.png';\" onmouseout=\"this.src='http:\/\/grupohw.com.br\/site\/wp-content\/uploads\/2012\/08\/latao-12.png';\" src=\"http:\/\/grupohw.com.br\/site\/wp-content\/uploads\/2012\/08\/latao-12.png\" alt=\"\" width=\"25%\" \/><\/a><\/p>\n<p><a href=\"\/globo\"><br \/>\n<img decoding=\"async\" style=\"float: left; padding-right: 17px; margin-top: -39px;\" onmouseover=\"this.src='http:\/\/grupohw.com.br\/site\/wp-content\/uploads\/2012\/08\/globo1.png';\" onmouseout=\"this.src='http:\/\/grupohw.com.br\/site\/wp-content\/uploads\/2012\/08\/globo-12.png';\" src=\"http:\/\/grupohw.com.br\/site\/wp-content\/uploads\/2012\/08\/globo-12.png\" alt=\"\" width=\"25%\" \/><\/a><\/p>\n<p><a href=\"\/hw-recuperadora\"><br \/>\n<img decoding=\"async\" style=\"float: left; margin-top: -76px;\" onmouseover=\"this.src='http:\/\/grupohw.com.br\/site\/wp-content\/uploads\/2012\/08\/recuperadora1.png';\" onmouseout=\"this.src='http:\/\/grupohw.com.br\/site\/wp-content\/uploads\/2012\/08\/recuperadora-12.png';\" src=\"http:\/\/grupohw.com.br\/site\/wp-content\/uploads\/2012\/08\/recuperadora-12.png\" alt=\"\" width=\"25%\" \/><\/a><\/p>\n<\/div>\n<div style=\"padding-top: 173px; padding-left: 30px; margin-top: -175px;\">\n<p>Grupo HW &gt; HW Com\u00e9rcio &gt; A Empresa<\/p>\n<div style=\"padding-left: 25px; padding-top: 1px; padding-bottom: 5px; width: 556px; background-color: #9e0207;\">\n<h1><span style=\"color: #cbc9c9;\">A Empresa<\/span><\/h1>\n<\/div>\n<div style=\"color: #000; padding-top: 15px; padding-bottom: 20px; padding-right: 20px; padding-left: 25px; width: 535px; background-color: #cbc9c9; text-align: justify;\">\n<p><img loading=\"lazy\" decoding=\"async\" class=\"aligncenter size-full wp-image-407\" src=\"http:\/\/grupohw.com.br\/site\/wp-content\/uploads\/2012\/08\/hw3.png\" alt=\"\" width=\"528\" height=\"255\" \/><\/p>\n<p>A HW Com\u00e9rcio de Pe\u00e7as e Acess\u00f3rios Ltda, foi fundada no ano de 1991 atuando no segmento de com\u00e9rcio de pe\u00e7as, acess\u00f3rios e cabines para caminh\u00f5es de todos os modelos como: Scania, Volvo, Mercedes Bens, Volkswagen, MAN, Iveco, Ford.<\/p>\n<p>Sua miss\u00e3o \u00e9 conseguir atender as necessidades do cliente, no menor tempo e maior qualidade poss\u00edvel, procurando sempre proporcionar satisfa\u00e7\u00e3o, comodidade e seguran\u00e7a para o cliente.<\/p>\n<p>Com a credibilidade que a empresa conquistou no mercado, pela qualidade dos produtos, servi\u00e7os e atendimentos oferecidos, a mesma continua sempre em expans\u00e3o, pois visa atender sempre as necessidades presente no ramo de caminh\u00f5es.<\/p>\n<\/div>\n<div style=\"padding-top: 10px;\"><\/div>\n<\/div>\n","protected":false},"excerpt":{"rendered":"<p>Grupo HW &gt; HW Com\u00e9rcio &gt; A Empresa A Empresa A HW Com\u00e9rcio de Pe\u00e7as e Acess\u00f3rios Ltda, foi fundada no ano de 1991 atuando no segmento de com\u00e9rcio de pe\u00e7as, acess\u00f3rios e cabines para caminh\u00f5es de todos os modelos como: Scania, Volvo, Mercedes Bens, Volkswagen, MAN, [&hellip;]<\/p>\n","protected":false},"author":1,"featured_media":0,"parent":0,"menu_order":0,"comment_status":"closed","ping_status":"closed","template":"page-PageTemplate4.php","meta":{"footnotes":""},"class_list":["post-99","page","type-page","status-publish","hentry"],"aioseo_notices":[],"_links":{"self":[{"href":"http:\/\/grupohw.com.br\/site\/wp-json\/wp\/v2\/pages\/99","targetHints":{"allow":["GET"]}}],"collection":[{"href":"http:\/\/grupohw.com.br\/site\/wp-json\/wp\/v2\/pages"}],"about":[{"href":"http:\/\/grupohw.com.br\/site\/wp-json\/wp\/v2\/types\/page"}],"author":[{"embeddable":true,"href":"http:\/\/grupohw.com.br\/site\/wp-json\/wp\/v2\/users\/1"}],"replies":[{"embeddable":true,"href":"http:\/\/grupohw.com.br\/site\/wp-json\/wp\/v2\/comments?post=99"}],"version-history":[{"count":11,"href":"http:\/\/grupohw.com.br\/site\/wp-json\/wp\/v2\/pages\/99\/revisions"}],"predecessor-version":[{"id":447,"href":"http:\/\/grupohw.com.br\/site\/wp-json\/wp\/v2\/pages\/99\/revisions\/447"}],"wp:attachment":[{"href":"http:\/\/grupohw.com.br\/site\/wp-json\/wp\/v2\/media?parent=99"}],"curies":[{"name":"wp","href":"https:\/\/api.w.org\/{rel}","templated":true}]}}